{"id":90,"date":"2026-02-24T10:16:23","date_gmt":"2026-02-24T10:16:23","guid":{"rendered":"https:\/\/estelacorreal.fpcei.eu\/?page_id=90"},"modified":"2026-02-25T07:47:22","modified_gmt":"2026-02-25T07:47:22","slug":"noticias","status":"publish","type":"page","link":"https:\/\/estelacorreal.fpcei.eu\/?page_id=90","title":{"rendered":"NOTICIAS"},"content":{"rendered":"<ul class=\"wp-block-latest-posts__list wp-block-latest-posts\"><li><a class=\"wp-block-latest-posts__post-title\" href=\"https:\/\/estelacorreal.fpcei.eu\/?p=136\">PXXR GVNG regresa a los escenarios y ser\u00e1 parte del Infierno Festival 2026<\/a><\/li>\n<li><a class=\"wp-block-latest-posts__post-title\" href=\"https:\/\/estelacorreal.fpcei.eu\/?p=134\">Yung Beef estrena \u201cPLAYBOY\u201d y refuerza su presencia en 2026<\/a><\/li>\n<li><a class=\"wp-block-latest-posts__post-title\" href=\"https:\/\/estelacorreal.fpcei.eu\/?p=132\">La Vendici\u00f3n Vol. 2 (Summer Edition): el sonido del verano bajo el sello del movimiento<\/a><\/li>\n<li><a class=\"wp-block-latest-posts__post-title\" href=\"https:\/\/estelacorreal.fpcei.eu\/?p=130\">La Vendici\u00f3n en 2025: m\u00e1s que m\u00fasica, un movimiento activo<\/a><\/li>\n<li><a class=\"wp-block-latest-posts__post-title\" href=\"https:\/\/estelacorreal.fpcei.eu\/?p=118\">La Zowi adelanta fragmento de nueva canci\u00f3n en redes<\/a><\/li>\n<\/ul>","protected":false},"excerpt":{"rendered":"","protected":false},"author":2,"featured_media":0,"parent":0,"menu_order":0,"comment_status":"closed","ping_status":"closed","template":"","meta":{"footnotes":""},"class_list":["post-90","page","type-page","status-publish","hentry"],"_links":{"self":[{"href":"https:\/\/estelacorreal.fpcei.eu\/index.php?rest_route=\/wp\/v2\/pages\/90","targetHints":{"allow":["GET"]}}],"collection":[{"href":"https:\/\/estelacorreal.fpcei.eu\/index.php?rest_route=\/wp\/v2\/pages"}],"about":[{"href":"https:\/\/estelacorreal.fpcei.eu\/index.php?rest_route=\/wp\/v2\/types\/page"}],"author":[{"embeddable":true,"href":"https:\/\/estelacorreal.fpcei.eu\/index.php?rest_route=\/wp\/v2\/users\/2"}],"replies":[{"embeddable":true,"href":"https:\/\/estelacorreal.fpcei.eu\/index.php?rest_route=%2Fwp%2Fv2%2Fcomments&post=90"}],"version-history":[{"count":3,"href":"https:\/\/estelacorreal.fpcei.eu\/index.php?rest_route=\/wp\/v2\/pages\/90\/revisions"}],"predecessor-version":[{"id":108,"href":"https:\/\/estelacorreal.fpcei.eu\/index.php?rest_route=\/wp\/v2\/pages\/90\/revisions\/108"}],"wp:attachment":[{"href":"https:\/\/estelacorreal.fpcei.eu\/index.php?rest_route=%2Fwp%2Fv2%2Fmedia&parent=90"}],"curies":[{"name":"wp","href":"https:\/\/api.w.org\/{rel}","templated":true}]}}