{"id":83,"date":"2026-02-24T10:05:45","date_gmt":"2026-02-24T10:05:45","guid":{"rendered":"https:\/\/estelacorreal.fpcei.eu\/?page_id=83"},"modified":"2026-02-24T10:05:45","modified_gmt":"2026-02-24T10:05:45","slug":"playlist-tematica","status":"publish","type":"page","link":"https:\/\/estelacorreal.fpcei.eu\/?page_id=83","title":{"rendered":"PLAYLIST TEM\u00c1TICA"},"content":{"rendered":"\n<p>Trick or Treat no fue solo un EP m\u00e1s de La Vendici\u00f3n en 2020. Fue un proyecto colectivo donde distintos artistas del sello se juntaron bajo una misma est\u00e9tica: oscura, callejera y con ese aire de noche peligrosa que encaja perfecto con el concepto de Halloween.<\/p>\n\n\n\n<p>Aqu\u00ed no hay un \u00fanico protagonista. Es una mezcla de energ\u00edas: desde la crudeza directa de Yung Beef hasta las colaboraciones m\u00e1s underground que le dan ese sonido internacional y sucio que siempre ha caracterizado al sello. Cada track tiene su propia identidad, pero todos comparten esa atm\u00f3sfera densa, misteriosa y agresiva.<\/p>\n\n\n\n<p>Este EP demuestra algo claro: La Vendici\u00f3n no funciona como un artista, funciona como un movimiento. Y cuando se juntan en un proyecto conjunto, el resultado es una colecci\u00f3n de temas que suenan a calle, a ambici\u00f3n y a oscuridad elegante.<\/p>\n\n\n\n<ul class=\"wp-block-list\">\n<li>Intro \u2013 Jay Ferragamo, La Vendici\u00f3n<\/li>\n\n\n\n<li>Microbio \u2013 G Kalle, Yung Beef, 808 Mafia<\/li>\n\n\n\n<li>Truco o Trato \u2013 Lyl Papy, 4LX<\/li>\n\n\n\n<li>Bendiciones \u2013 Jay Ferragamo, Young J Star<\/li>\n\n\n\n<li>Panic \u2013 Unrebel<\/li>\n\n\n\n<li>Plugged \u2013 Yung Beef, Mss Money, Roydee<\/li>\n\n\n\n<li>Tiger \u2013 Gallagher, Fabel Santana, Pochi<\/li>\n\n\n\n<li>Incel \u2013 El Mini, Jay Cas<\/li>\n\n\n\n<li>Tate King \u2013 Khaled, OldPurp<\/li>\n\n\n\n<li>Cuervos \u2013 JoshOrtiz, Jay Cas<\/li>\n\n\n\n<li>La Vitrina \u2013 Jay Ferragamo, Slim J, Young 808 Beats<\/li>\n<\/ul>\n\n\n\n<figure class=\"wp-block-embed is-type-rich is-provider-spotify wp-block-embed-spotify wp-embed-aspect-21-9 wp-has-aspect-ratio\"><div class=\"wp-block-embed__wrapper\">\n<iframe title=\"Spotify Embed: Trick Or Treat (LV Mixtape Hosted Jay Ferragamo &amp; Roydee)\" style=\"border-radius: 12px\" width=\"100%\" height=\"352\" frameborder=\"0\" allowfullscreen allow=\"autoplay; clipboard-write; encrypted-media; fullscreen; picture-in-picture\" loading=\"lazy\" src=\"https:\/\/open.spotify.com\/embed\/album\/4DSbRIyqg5KuZ8AkKs4rVj?si=zGKK2VPORtKzwv744Q1wYw&amp;utm_source=oembed\"><\/iframe>\n<\/div><\/figure>\n","protected":false},"excerpt":{"rendered":"<p>Trick or Treat no fue solo un EP m\u00e1s de La Vendici\u00f3n en 2020. Fue un proyecto colectivo donde distintos artistas del sello se juntaron bajo una misma est\u00e9tica: oscura, callejera y con ese aire de noche peligrosa que encaja perfecto con el concepto de Halloween. Aqu\u00ed no hay un \u00fanico protagonista. Es una mezcla [&hellip;]<\/p>\n","protected":false},"author":2,"featured_media":0,"parent":0,"menu_order":0,"comment_status":"closed","ping_status":"closed","template":"","meta":{"footnotes":""},"class_list":["post-83","page","type-page","status-publish","hentry"],"_links":{"self":[{"href":"https:\/\/estelacorreal.fpcei.eu\/index.php?rest_route=\/wp\/v2\/pages\/83","targetHints":{"allow":["GET"]}}],"collection":[{"href":"https:\/\/estelacorreal.fpcei.eu\/index.php?rest_route=\/wp\/v2\/pages"}],"about":[{"href":"https:\/\/estelacorreal.fpcei.eu\/index.php?rest_route=\/wp\/v2\/types\/page"}],"author":[{"embeddable":true,"href":"https:\/\/estelacorreal.fpcei.eu\/index.php?rest_route=\/wp\/v2\/users\/2"}],"replies":[{"embeddable":true,"href":"https:\/\/estelacorreal.fpcei.eu\/index.php?rest_route=%2Fwp%2Fv2%2Fcomments&post=83"}],"version-history":[{"count":1,"href":"https:\/\/estelacorreal.fpcei.eu\/index.php?rest_route=\/wp\/v2\/pages\/83\/revisions"}],"predecessor-version":[{"id":84,"href":"https:\/\/estelacorreal.fpcei.eu\/index.php?rest_route=\/wp\/v2\/pages\/83\/revisions\/84"}],"wp:attachment":[{"href":"https:\/\/estelacorreal.fpcei.eu\/index.php?rest_route=%2Fwp%2Fv2%2Fmedia&parent=83"}],"curies":[{"name":"wp","href":"https:\/\/api.w.org\/{rel}","templated":true}]}}