{"id":69,"date":"2026-02-17T10:42:08","date_gmt":"2026-02-17T10:42:08","guid":{"rendered":"https:\/\/estelacorreal.fpcei.eu\/?page_id=69"},"modified":"2026-02-17T10:42:08","modified_gmt":"2026-02-17T10:42:08","slug":"playlist-top-hits","status":"publish","type":"page","link":"https:\/\/estelacorreal.fpcei.eu\/?page_id=69","title":{"rendered":"PLAYLIST TOP HITS"},"content":{"rendered":"\n<p>En esta playlist encontrar\u00e1s los temas m\u00e1s virales y conocidos de La Vendici\u00f3n Records, esos que marcaron tendencia y que todo el mundo termin\u00f3 escuchando, aunque muchos no supieran que eran del sello. Desde Rifle Bisexual hasta La Emperatriz o Toto de Loka, aqu\u00ed est\u00e1n los tracks que definieron la identidad del movimiento.<\/p>\n\n\n\n<p>Es la manera ideal de empezar a explorar La Vendici\u00f3n: una selecci\u00f3n de canciones que combina impacto, actitud y autenticidad, mostrando de inmediato qu\u00e9 significa el sello y por qu\u00e9 sigue siendo un referente del urbano alternativo en Espa\u00f1a.<\/p>\n\n\n\n<ul class=\"wp-block-list\">\n<li>Rifle Bisexual \u2013 Albany &amp; Yung Beef &amp; compa\u00f1ia (tema viral) \u00a0<\/li>\n\n\n\n<li>La Emperatriz \u2013 Kaydy Cain \u00a0<\/li>\n\n\n\n<li>Toto de Loka \u2013 Metrika<\/li>\n\n\n\n<li>Bebo Champagne y Lo Tiro (Remix) \u2013 Yung Beef (feat. Duki, Neo Pistea, Papi Trujillo, Cuban Bling &amp; Pochi) \u00a0<\/li>\n\n\n\n<li>Sexo En La Playa \u2013 Yung Beef \u00a0<\/li>\n\n\n\n<li>Pussy Poppin \u2013 La Zowi (feat. La Goony Chonga) \u00a0<\/li>\n\n\n\n<li>YoungStar \u2013 Javielito \u00a0<\/li>\n\n\n\n<li>Airbag \u2013 Pipo Beatz \u00a0<\/li>\n\n\n\n<li>Majin Vegeta \u2013 Yung Beef (feat. Nakall, Nikita, Galdiel, Bandz &amp; MVP Boyi) \u00a0<\/li>\n\n\n\n<li>Hot \u2013 Roydee (feat. Kaydy Cain, Ketama126 &amp; Uzii Gaang) \u00a0<\/li>\n\n\n\n<li>Bring The Money Counter \u2013 OldPurp (feat. Yung Beef, Boogotti Kasino &amp; Drank Nitti Kasino) \u00a0<\/li>\n\n\n\n<li>Nos Fuimos Lejos \u2013 Yung Beef &amp; Pipo Beatz (de Perreo de la Muerte) \u00a0<\/li>\n\n\n\n<li>Lusifel \u2013 Yung Beef, La Favi, Ms. Nina, El Mini (de Perreo de la Muerte) \u00a0<\/li>\n\n\n\n<li>Articuno \u2013 Yung Beef (feat. Albany) (de Perreo De La Muerte 2) \u00a0<\/li>\n\n\n\n<li>I Need U Love \u2013 Yung Beef \/ Albany \/ Goa &amp; 1 more (de La Vendici\u00f3n Vol. 1) \u00a0<\/li>\n\n\n\n<li>No Trust \u2013 Alex Fatt \/ Roydee (de La Vendici\u00f3n Vol. 1) \u00a0<\/li>\n\n\n\n<li>Freestyle 1 \u2013 Kaydy Cain \/ cmtheplug \/ Diegoludovino (de La Vendici\u00f3n Vol. 1) \u00a0<\/li>\n\n\n\n<li>Ya Llegu\u00e9 \u2013 Uzii Gaang, Pochi (de La Vendici\u00f3n Vol. 1) \u00a0<\/li>\n<\/ul>\n\n\n\n<p><\/p>\n\n\n\n<p><\/p>\n\n\n\n<figure class=\"wp-block-embed is-type-rich is-provider-spotify wp-block-embed-spotify wp-embed-aspect-21-9 wp-has-aspect-ratio\"><div class=\"wp-block-embed__wrapper\">\n<iframe title=\"Spotify Embed: TOP HITS \" style=\"border-radius: 12px\" width=\"100%\" height=\"352\" frameborder=\"0\" allowfullscreen allow=\"autoplay; clipboard-write; encrypted-media; fullscreen; picture-in-picture\" loading=\"lazy\" src=\"https:\/\/open.spotify.com\/embed\/playlist\/34m8yHsqA9YD9pgiZHxFvp?si=Tf7DDhzbR9C9hl6D043mYw&amp;pi=vWdKGH5xTxK4l&amp;utm_source=oembed\"><\/iframe>\n<\/div><\/figure>\n\n\n\n<p><\/p>\n","protected":false},"excerpt":{"rendered":"<p>En esta playlist encontrar\u00e1s los temas m\u00e1s virales y conocidos de La Vendici\u00f3n Records, esos que marcaron tendencia y que todo el mundo termin\u00f3 escuchando, aunque muchos no supieran que eran del sello. Desde Rifle Bisexual hasta La Emperatriz o Toto de Loka, aqu\u00ed est\u00e1n los tracks que definieron la identidad del movimiento. Es la [&hellip;]<\/p>\n","protected":false},"author":2,"featured_media":0,"parent":0,"menu_order":0,"comment_status":"closed","ping_status":"closed","template":"","meta":{"footnotes":""},"class_list":["post-69","page","type-page","status-publish","hentry"],"_links":{"self":[{"href":"https:\/\/estelacorreal.fpcei.eu\/index.php?rest_route=\/wp\/v2\/pages\/69","targetHints":{"allow":["GET"]}}],"collection":[{"href":"https:\/\/estelacorreal.fpcei.eu\/index.php?rest_route=\/wp\/v2\/pages"}],"about":[{"href":"https:\/\/estelacorreal.fpcei.eu\/index.php?rest_route=\/wp\/v2\/types\/page"}],"author":[{"embeddable":true,"href":"https:\/\/estelacorreal.fpcei.eu\/index.php?rest_route=\/wp\/v2\/users\/2"}],"replies":[{"embeddable":true,"href":"https:\/\/estelacorreal.fpcei.eu\/index.php?rest_route=%2Fwp%2Fv2%2Fcomments&post=69"}],"version-history":[{"count":1,"href":"https:\/\/estelacorreal.fpcei.eu\/index.php?rest_route=\/wp\/v2\/pages\/69\/revisions"}],"predecessor-version":[{"id":70,"href":"https:\/\/estelacorreal.fpcei.eu\/index.php?rest_route=\/wp\/v2\/pages\/69\/revisions\/70"}],"wp:attachment":[{"href":"https:\/\/estelacorreal.fpcei.eu\/index.php?rest_route=%2Fwp%2Fv2%2Fmedia&parent=69"}],"curies":[{"name":"wp","href":"https:\/\/api.w.org\/{rel}","templated":true}]}}