{"id":65,"date":"2026-02-17T10:14:58","date_gmt":"2026-02-17T10:14:58","guid":{"rendered":"https:\/\/estelacorreal.fpcei.eu\/?page_id=65"},"modified":"2026-02-24T10:15:43","modified_gmt":"2026-02-24T10:15:43","slug":"playlist","status":"publish","type":"page","link":"https:\/\/estelacorreal.fpcei.eu\/?page_id=65","title":{"rendered":"PLAYLIST"},"content":{"rendered":"\n<p>En esta secci\u00f3n puedes encontrar todas nuestras playlists oficiales. Est\u00e1n organizadas para que puedas navegar f\u00e1cilmente y elegir qu\u00e9 quieres escuchar en cada momento.<\/p>\n\n\n\n<p>Aqu\u00ed no hay listas hechas sin sentido. Cada playlist tiene su propia intenci\u00f3n y recoge distintas etapas, sonidos y artistas que forman parte de La Vendici\u00f3n. Desde los temas m\u00e1s conocidos hasta proyectos m\u00e1s completos y selecciones especiales.<\/p>\n\n\n\n<p>Solo tienes que pinchar en la que m\u00e1s te llame y empezar a descubrir el sonido del sello a tu manera.<\/p>\n\n\n\n<p>Para acceder a ellas solo pincha sobre la imagen <\/p>\n\n\n\n<div class=\"wp-block-group is-layout-grid wp-container-core-group-is-layout-478b6e6b wp-block-group-is-layout-grid\">\n<figure class=\"wp-block-image size-large\"><a href=\"https:\/\/estelacorreal.fpcei.eu\/?page_id=69\"><img loading=\"lazy\" decoding=\"async\" width=\"924\" height=\"1024\" src=\"https:\/\/estelacorreal.fpcei.eu\/wp-content\/uploads\/2026\/02\/IMG_0099-924x1024.jpeg\" alt=\"\" class=\"wp-image-71\" srcset=\"https:\/\/estelacorreal.fpcei.eu\/wp-content\/uploads\/2026\/02\/IMG_0099-924x1024.jpeg 924w, https:\/\/estelacorreal.fpcei.eu\/wp-content\/uploads\/2026\/02\/IMG_0099-271x300.jpeg 271w, https:\/\/estelacorreal.fpcei.eu\/wp-content\/uploads\/2026\/02\/IMG_0099-768x851.jpeg 768w, https:\/\/estelacorreal.fpcei.eu\/wp-content\/uploads\/2026\/02\/IMG_0099.jpeg 1066w\" sizes=\"auto, (max-width: 924px) 100vw, 924px\" \/><\/a><\/figure>\n\n\n\n<figure class=\"wp-block-image size-large\"><a href=\"https:\/\/estelacorreal.fpcei.eu\/?page_id=75\"><img loading=\"lazy\" decoding=\"async\" width=\"865\" height=\"1024\" src=\"https:\/\/estelacorreal.fpcei.eu\/wp-content\/uploads\/2026\/02\/IMG_0100-865x1024.jpeg\" alt=\"\" class=\"wp-image-80\" srcset=\"https:\/\/estelacorreal.fpcei.eu\/wp-content\/uploads\/2026\/02\/IMG_0100-865x1024.jpeg 865w, https:\/\/estelacorreal.fpcei.eu\/wp-content\/uploads\/2026\/02\/IMG_0100-253x300.jpeg 253w, https:\/\/estelacorreal.fpcei.eu\/wp-content\/uploads\/2026\/02\/IMG_0100-768x910.jpeg 768w, https:\/\/estelacorreal.fpcei.eu\/wp-content\/uploads\/2026\/02\/IMG_0100.jpeg 1057w\" sizes=\"auto, (max-width: 865px) 100vw, 865px\" \/><\/a><\/figure>\n\n\n\n<figure class=\"wp-block-image size-full wp-container-content-69bc4bdf\"><a href=\"https:\/\/estelacorreal.fpcei.eu\/?page_id=83\"><img loading=\"lazy\" decoding=\"async\" width=\"487\" height=\"483\" src=\"https:\/\/estelacorreal.fpcei.eu\/wp-content\/uploads\/2026\/02\/IMG_0108.jpeg\" alt=\"\" class=\"wp-image-85\" srcset=\"https:\/\/estelacorreal.fpcei.eu\/wp-content\/uploads\/2026\/02\/IMG_0108.jpeg 487w, https:\/\/estelacorreal.fpcei.eu\/wp-content\/uploads\/2026\/02\/IMG_0108-300x298.jpeg 300w, https:\/\/estelacorreal.fpcei.eu\/wp-content\/uploads\/2026\/02\/IMG_0108-150x150.jpeg 150w\" sizes=\"auto, (max-width: 487px) 100vw, 487px\" \/><\/a><\/figure>\n<\/div>\n\n\n\n<p><\/p>\n\n\n\n<p><\/p>\n\n\n\n<p><\/p>\n\n\n\n<p><\/p>\n\n\n\n<p><\/p>\n\n\n\n<p><\/p>\n\n\n\n<p><\/p>\n\n\n\n<p><\/p>\n\n\n\n<p><\/p>\n\n\n\n<p><\/p>\n\n\n\n<p><\/p>\n\n\n\n<p><\/p>\n\n\n\n<p><\/p>\n\n\n\n<p><\/p>\n\n\n\n<p><\/p>\n\n\n\n<p><\/p>\n\n\n\n<p><\/p>\n\n\n\n<p><\/p>\n\n\n\n<p><\/p>\n\n\n\n<p><\/p>\n","protected":false},"excerpt":{"rendered":"<p>En esta secci\u00f3n puedes encontrar todas nuestras playlists oficiales. Est\u00e1n organizadas para que puedas navegar f\u00e1cilmente y elegir qu\u00e9 quieres escuchar en cada momento. Aqu\u00ed no hay listas hechas sin sentido. Cada playlist tiene su propia intenci\u00f3n y recoge distintas etapas, sonidos y artistas que forman parte de La Vendici\u00f3n. Desde los temas m\u00e1s conocidos [&hellip;]<\/p>\n","protected":false},"author":2,"featured_media":0,"parent":0,"menu_order":0,"comment_status":"closed","ping_status":"closed","template":"","meta":{"footnotes":""},"class_list":["post-65","page","type-page","status-publish","hentry"],"_links":{"self":[{"href":"https:\/\/estelacorreal.fpcei.eu\/index.php?rest_route=\/wp\/v2\/pages\/65","targetHints":{"allow":["GET"]}}],"collection":[{"href":"https:\/\/estelacorreal.fpcei.eu\/index.php?rest_route=\/wp\/v2\/pages"}],"about":[{"href":"https:\/\/estelacorreal.fpcei.eu\/index.php?rest_route=\/wp\/v2\/types\/page"}],"author":[{"embeddable":true,"href":"https:\/\/estelacorreal.fpcei.eu\/index.php?rest_route=\/wp\/v2\/users\/2"}],"replies":[{"embeddable":true,"href":"https:\/\/estelacorreal.fpcei.eu\/index.php?rest_route=%2Fwp%2Fv2%2Fcomments&post=65"}],"version-history":[{"count":6,"href":"https:\/\/estelacorreal.fpcei.eu\/index.php?rest_route=\/wp\/v2\/pages\/65\/revisions"}],"predecessor-version":[{"id":89,"href":"https:\/\/estelacorreal.fpcei.eu\/index.php?rest_route=\/wp\/v2\/pages\/65\/revisions\/89"}],"wp:attachment":[{"href":"https:\/\/estelacorreal.fpcei.eu\/index.php?rest_route=%2Fwp%2Fv2%2Fmedia&parent=65"}],"curies":[{"name":"wp","href":"https:\/\/api.w.org\/{rel}","templated":true}]}}