{"id":33,"date":"2026-02-03T10:36:37","date_gmt":"2026-02-03T10:36:37","guid":{"rendered":"https:\/\/estelacorreal.fpcei.eu\/?page_id=33"},"modified":"2026-02-03T11:12:22","modified_gmt":"2026-02-03T11:12:22","slug":"discografia","status":"publish","type":"page","link":"https:\/\/estelacorreal.fpcei.eu\/?page_id=33","title":{"rendered":"DISCOGRAFIA"},"content":{"rendered":"\n<p>Aqu\u00ed est\u00e1 el sonido de Vendici\u00f3n Records sin adornos ni filtros. Proyectos que nacen desde abajo, lejos de lo comercial y de lo que suena en la radio. Estos son los temas y EPs m\u00e1s sonados del sello, a pesar de todas las cr\u00edticas recibidas.<\/p>\n\n\n\n<p>Nunca cambiamos letras ni mensajes para encajar: seguimos siendo los mismos mientras muchos solo siguen lo que hace todo el mundo. Gustamos porque somos sinceros, porque hacemos m\u00fasica de verdad, m\u00fasica que sale del coraz\u00f3n y se mantiene fiel a lo que somos.<\/p>\n\n\n\n<details class=\"wp-block-details is-layout-flow wp-block-details-is-layout-flow\"><summary>RIFLE BISEXUAL <\/summary>\n<p> Esta canci\u00f3n se hizo muy viral durante el verano de 2024, naciendo a ra\u00edz de un beef entre los artistas de Rifle Talib\u00e1n. Se trataba de una colaboraci\u00f3n en la que finalmente se dej\u00f3 fuera a nuestra conocida Albany, despu\u00e9s de que el artista SuperReservado decidiera por su cuenta que, si \u00e9l participaba en el tema, ella no pod\u00eda hacerlo.<\/p>\n\n\n\n<p>El resto de artistas aceptaron esa condici\u00f3n o simplemente miraron hacia otro lado. Cuando la canci\u00f3n sali\u00f3, con letras que hablaban y criticaban directamente este movimiento, el tema explot\u00f3 y se volvi\u00f3 viral, ya que casi nadie conoc\u00eda lo que hab\u00eda pasado realmente detr\u00e1s.<\/p>\n\n\n\n<div class=\"wp-block-columns is-layout-flex wp-container-core-columns-is-layout-28f84493 wp-block-columns-is-layout-flex\">\n<div class=\"wp-block-column is-layout-flow wp-block-column-is-layout-flow\">\n<figure class=\"wp-block-image size-full is-resized\"><img loading=\"lazy\" decoding=\"async\" width=\"561\" height=\"564\" src=\"https:\/\/estelacorreal.fpcei.eu\/wp-content\/uploads\/2026\/02\/IMG_0039-2.jpeg\" alt=\"\" class=\"wp-image-40\" style=\"aspect-ratio:0.9947233686850216;width:178px;height:auto\" srcset=\"https:\/\/estelacorreal.fpcei.eu\/wp-content\/uploads\/2026\/02\/IMG_0039-2.jpeg 561w, https:\/\/estelacorreal.fpcei.eu\/wp-content\/uploads\/2026\/02\/IMG_0039-2-298x300.jpeg 298w, https:\/\/estelacorreal.fpcei.eu\/wp-content\/uploads\/2026\/02\/IMG_0039-2-150x150.jpeg 150w\" sizes=\"auto, (max-width: 561px) 100vw, 561px\" \/><\/figure>\n<\/div>\n<\/div>\n<\/details>\n\n\n\n<details class=\"wp-block-details is-layout-flow wp-block-details-is-layout-flow\"><summary>LA EMPERATRIZ <\/summary>\n<p>Esta canci\u00f3n se volvi\u00f3 viral casi de inmediato gracias a su fuerza y actitud \u00fanica. El tema peg\u00f3 por su ritmo pegajoso, sus frases directas y el estilo inconfundible de Kaydy Ca\u00edn, que no sigue reglas ni modas. Mucha gente la comparti\u00f3 en redes, TikTok y playlists sin ni siquiera saber que era parte de La Vendici\u00f3n, simplemente porque conectaba de forma genuina: m\u00fasica cruda, real y sin filtros que la gente pod\u00eda sentir desde el primer segundo.<br><\/p>\n\n\n\n<figure class=\"wp-block-image size-full is-resized\"><img loading=\"lazy\" decoding=\"async\" width=\"309\" height=\"309\" src=\"https:\/\/estelacorreal.fpcei.eu\/wp-content\/uploads\/2026\/02\/IMG_0040.jpeg\" alt=\"\" class=\"wp-image-42\" style=\"width:196px;height:auto\" srcset=\"https:\/\/estelacorreal.fpcei.eu\/wp-content\/uploads\/2026\/02\/IMG_0040.jpeg 309w, https:\/\/estelacorreal.fpcei.eu\/wp-content\/uploads\/2026\/02\/IMG_0040-300x300.jpeg 300w, https:\/\/estelacorreal.fpcei.eu\/wp-content\/uploads\/2026\/02\/IMG_0040-150x150.jpeg 150w\" sizes=\"auto, (max-width: 309px) 100vw, 309px\" \/><\/figure>\n<\/details>\n\n\n\n<details class=\"wp-block-details is-layout-flow wp-block-details-is-layout-flow\"><summary>TOTO DE LOKA<\/summary>\n<p>El tema se volvi\u00f3 viral r\u00e1pidamente gracias a su energ\u00eda desbordante y su letra directa que no se guarda nada. La combinaci\u00f3n del ritmo pegajoso con la personalidad \u00fanica de Metrika hizo que todo el mundo empezara a compartirlo, hacer memes y usarlo en TikTok, aunque pocos supieran que era parte de La Vendici\u00f3n. La canci\u00f3n se convirti\u00f3 en un himno espont\u00e1neo del verano, un hit que nadie esperaba pero que nadie pod\u00eda dejar de escuchar.<br><\/p>\n\n\n\n<figure class=\"wp-block-image size-full is-resized\"><img loading=\"lazy\" decoding=\"async\" width=\"561\" height=\"559\" src=\"https:\/\/estelacorreal.fpcei.eu\/wp-content\/uploads\/2026\/02\/IMG_0041-1.jpeg\" alt=\"\" class=\"wp-image-47\" style=\"aspect-ratio:1.0036055628684255;width:180px;height:auto\" srcset=\"https:\/\/estelacorreal.fpcei.eu\/wp-content\/uploads\/2026\/02\/IMG_0041-1.jpeg 561w, https:\/\/estelacorreal.fpcei.eu\/wp-content\/uploads\/2026\/02\/IMG_0041-1-300x300.jpeg 300w, https:\/\/estelacorreal.fpcei.eu\/wp-content\/uploads\/2026\/02\/IMG_0041-1-150x150.jpeg 150w\" sizes=\"auto, (max-width: 561px) 100vw, 561px\" \/><figcaption class=\"wp-element-caption\">Screenshot<\/figcaption><\/figure>\n<\/details>\n\n\n\n<details class=\"wp-block-details is-layout-flow wp-block-details-is-layout-flow\"><summary>MULTIORGASMICA <\/summary>\n<p>Este tema de la MafiaDelAmor se convirti\u00f3 en uno de esos fen\u00f3menos virales que nadie esperaba. Desde su salida empez\u00f3 a sonar en TikTok, Reels y playlists de verano porque ten\u00eda un ritmo extra\u00f1o pero imposible de ignorar, acompa\u00f1ado de un t\u00edtulo que ya llamaba la atenci\u00f3n por s\u00ed solo. La canci\u00f3n fue compartida y reutilizada en memes y montajes, se escuch\u00f3 en fiestas y fue uno de los temas de internet del momento, incluso antes de que mucha gente supiera qui\u00e9n la hab\u00eda creado o a qu\u00e9 sello pertenec\u00eda. Su viralidad fue m\u00e1s por curiosidad y cultura de redes que por promoci\u00f3n tradicional, haciendo que se escuchara en mil contextos diferentes y se quedara en la cabeza de quienes la descubrieron.<br><\/p>\n\n\n\n<figure class=\"wp-block-image size-full is-resized\"><img loading=\"lazy\" decoding=\"async\" width=\"525\" height=\"464\" src=\"https:\/\/estelacorreal.fpcei.eu\/wp-content\/uploads\/2026\/02\/IMG_0042.jpeg\" alt=\"\" class=\"wp-image-46\" style=\"aspect-ratio:1.1315057608263805;width:209px;height:auto\" srcset=\"https:\/\/estelacorreal.fpcei.eu\/wp-content\/uploads\/2026\/02\/IMG_0042.jpeg 525w, https:\/\/estelacorreal.fpcei.eu\/wp-content\/uploads\/2026\/02\/IMG_0042-300x265.jpeg 300w\" sizes=\"auto, (max-width: 525px) 100vw, 525px\" \/><\/figure>\n<\/details>\n\n\n\n<details class=\"wp-block-details is-layout-flow wp-block-details-is-layout-flow\"><summary>AMA DE LA CASA EP<\/summary>\n<p>Este EP se volvi\u00f3 viral gracias a su actitud descarada y sin filtros. Cada tema mostraba el estilo potente y provocador de La Zowi, con letras que no dejaban indiferente a nadie. Se comparti\u00f3 much\u00edsimo en redes, TikTok y playlists de fiestas, porque la gente conect\u00f3 con su energ\u00eda \u00fanica y su forma de romper las reglas del trap y urbano, incluso sin saber que era parte de La Vendici\u00f3n Records. Este proyecto se convirti\u00f3 en un s\u00edmbolo de autenticidad y poder femenino dentro del sello.<br><\/p>\n\n\n\n<figure class=\"wp-block-image size-full is-resized\"><img loading=\"lazy\" decoding=\"async\" width=\"400\" height=\"415\" src=\"https:\/\/estelacorreal.fpcei.eu\/wp-content\/uploads\/2026\/02\/IMG_0043.jpeg\" alt=\"\" class=\"wp-image-49\" style=\"width:176px;height:auto\" srcset=\"https:\/\/estelacorreal.fpcei.eu\/wp-content\/uploads\/2026\/02\/IMG_0043.jpeg 400w, https:\/\/estelacorreal.fpcei.eu\/wp-content\/uploads\/2026\/02\/IMG_0043-289x300.jpeg 289w\" sizes=\"auto, (max-width: 400px) 100vw, 400px\" \/><figcaption class=\"wp-element-caption\">Screenshot<\/figcaption><\/figure>\n<\/details>\n\n\n\n<details class=\"wp-block-details is-layout-flow wp-block-details-is-layout-flow\"><summary>TRICK OR TREAT EP <\/summary>\n<p>Este proyecto llam\u00f3 la atenci\u00f3n desde el primer d\u00eda por su concepto \u00fanico: un EP\/mixtape tem\u00e1tico de Halloween, con colaboraciones de varios artistas del sello. Su sonido oscuro, creativo y lleno de atm\u00f3sferas diferentes lo hizo viral en redes, especialmente en clips, memes y playlists de temporada. Muchos lo descubrieron sin conocer La Vendici\u00f3n Records, simplemente porque cada tema ten\u00eda algo inesperado que atrapaba a cualquiera que lo escuchara, convirti\u00e9ndolo en un hit espont\u00e1neo de internet.<br><\/p>\n\n\n\n<figure class=\"wp-block-image size-full is-resized\"><img loading=\"lazy\" decoding=\"async\" width=\"403\" height=\"408\" src=\"https:\/\/estelacorreal.fpcei.eu\/wp-content\/uploads\/2026\/02\/IMG_0044.jpeg\" alt=\"\" class=\"wp-image-51\" style=\"width:197px;height:auto\" srcset=\"https:\/\/estelacorreal.fpcei.eu\/wp-content\/uploads\/2026\/02\/IMG_0044.jpeg 403w, https:\/\/estelacorreal.fpcei.eu\/wp-content\/uploads\/2026\/02\/IMG_0044-296x300.jpeg 296w\" sizes=\"auto, (max-width: 403px) 100vw, 403px\" \/><figcaption class=\"wp-element-caption\">Screenshot<\/figcaption><\/figure>\n<\/details>\n\n\n\n<p><\/p>\n","protected":false},"excerpt":{"rendered":"<p>Aqu\u00ed est\u00e1 el sonido de Vendici\u00f3n Records sin adornos ni filtros. Proyectos que nacen desde abajo, lejos de lo comercial y de lo que suena en la radio. Estos son los temas y EPs m\u00e1s sonados del sello, a pesar de todas las cr\u00edticas recibidas. Nunca cambiamos letras ni mensajes para encajar: seguimos siendo los [&hellip;]<\/p>\n","protected":false},"author":2,"featured_media":0,"parent":0,"menu_order":0,"comment_status":"closed","ping_status":"closed","template":"","meta":{"footnotes":""},"class_list":["post-33","page","type-page","status-publish","hentry"],"_links":{"self":[{"href":"https:\/\/estelacorreal.fpcei.eu\/index.php?rest_route=\/wp\/v2\/pages\/33","targetHints":{"allow":["GET"]}}],"collection":[{"href":"https:\/\/estelacorreal.fpcei.eu\/index.php?rest_route=\/wp\/v2\/pages"}],"about":[{"href":"https:\/\/estelacorreal.fpcei.eu\/index.php?rest_route=\/wp\/v2\/types\/page"}],"author":[{"embeddable":true,"href":"https:\/\/estelacorreal.fpcei.eu\/index.php?rest_route=\/wp\/v2\/users\/2"}],"replies":[{"embeddable":true,"href":"https:\/\/estelacorreal.fpcei.eu\/index.php?rest_route=%2Fwp%2Fv2%2Fcomments&post=33"}],"version-history":[{"count":7,"href":"https:\/\/estelacorreal.fpcei.eu\/index.php?rest_route=\/wp\/v2\/pages\/33\/revisions"}],"predecessor-version":[{"id":52,"href":"https:\/\/estelacorreal.fpcei.eu\/index.php?rest_route=\/wp\/v2\/pages\/33\/revisions\/52"}],"wp:attachment":[{"href":"https:\/\/estelacorreal.fpcei.eu\/index.php?rest_route=%2Fwp%2Fv2%2Fmedia&parent=33"}],"curies":[{"name":"wp","href":"https:\/\/api.w.org\/{rel}","templated":true}]}}