{"id":29,"date":"2026-01-27T11:05:31","date_gmt":"2026-01-27T11:05:31","guid":{"rendered":"https:\/\/estelacorreal.fpcei.eu\/?page_id=29"},"modified":"2026-02-25T07:52:47","modified_gmt":"2026-02-25T07:52:47","slug":"quienes-somos","status":"publish","type":"page","link":"https:\/\/estelacorreal.fpcei.eu\/?page_id=29","title":{"rendered":"\u00bfQUIENES SOMOS?"},"content":{"rendered":"\n<p class=\"has-contrast-color has-text-color\">Desde <strong>2009 caminamos junto a Vendici\u00f3n Records<\/strong>, siendo una de las <strong>plataformas m\u00e1s s\u00f3lidas y fiables<\/strong> dentro de este movimiento. Mientras muchos miraban hacia otro lado, nosotros estuvimos ah\u00ed, documentando, apoyando y dando voz a un arte que nunca encaj\u00f3 en lo comercial.<\/p>\n\n\n\n<p class=\"has-contrast-color has-text-color\">En este espacio encontrar\u00e1s <strong>informaci\u00f3n directa y sin filtros<\/strong> sobre los artistas que forman parte de Vendici\u00f3n Records y sobre aquellos que han pasado por la discogr\u00e1fica a lo largo de los a\u00f1os. No maquillamos historias ni suavizamos mensajes: contamos las cosas como son.<\/p>\n\n\n\n<p class=\"has-contrast-color has-text-color\">Disponemos de <strong>playlists completas con toda la discograf\u00eda<\/strong> de los artistas, adem\u00e1s de selecciones m\u00e1s crudas y directas para quienes quieren empezar a escuchar este sonido y entender un movimiento que la mayor\u00eda nunca quiso comprender.<\/p>\n\n\n\n<p class=\"has-contrast-color has-text-color\">Nos llamamos <strong>El Sonido del Infierno<\/strong> porque representamos lo que muchos prefieren ignorar. M\u00fasica inc\u00f3moda, arte real y mensajes que queman. La poca repercusi\u00f3n que nos dieron no nos fren\u00f3: nos hizo m\u00e1s fuertes.<\/p>\n\n\n\n<p class=\"has-contrast-color has-text-color\">Si buscas lo que no suena en la radio, lo que no se vende f\u00e1cil y lo que nace desde abajo, <strong>est\u00e1s en el sitio correcto<\/strong>.<br>Aqu\u00ed no hay postureo. <strong>Aqu\u00ed est\u00e1 el infierno sonando.<\/strong><\/p>\n\n\n\n<blockquote class=\"wp-block-quote is-layout-flow wp-block-quote-is-layout-flow\">\n<p class=\"has-medium-font-size\"><a href=\"https:\/\/genius.com\/35275839\/Pxxr-gvng-and-takers-no-es-por-el-dinero\/Yo-estaba-perdido-en-el-callejon\">Yo estaba perdido en el callej\u00f3n<\/a><br>Ahora ayudamos que otros salgan, esto es La Vendici\u00f3n<\/p>\n\n\n\n<p class=\"has-small-font-size\">Kaydy Cain &#8212; No Es Por El Dinero<\/p>\n<\/blockquote>\n\n\n\n<figure class=\"wp-block-image is-resized\"><a href=\"https:\/\/www.youtube.com\/watch?v=C37f934wHQM\"><img decoding=\"async\" src=\"https:\/\/i.scdn.co\/image\/ab67616d0000b2730115940dcdea410244f9a8c2\" alt=\"No Es Por el Dinero - m\u00fasica y letra de Takers, Marko Italia, M.Ram\u00edrez,  Israel B, Kaydy Cain, Khaled, Yung Beef | Spotify\" style=\"width:467px;height:auto\"\/><\/a><\/figure>\n\n\n\n<div data-wp-interactive=\"core\/file\" class=\"wp-block-file\"><object data-wp-bind--hidden=\"!state.hasPdfPreview\" hidden class=\"wp-block-file__embed\" data=\"https:\/\/estelacorreal.fpcei.eu\/wp-content\/uploads\/2026\/02\/PDF-el-sonido-del-infierno.pdf\" type=\"application\/pdf\" style=\"width:100%;height:340px\" aria-label=\"Incrustado de PDF el sonido del infierno.\"><\/object><a id=\"wp-block-file--media-155fd565-c006-48ef-92ea-2febebf0f8a0\" href=\"https:\/\/estelacorreal.fpcei.eu\/wp-content\/uploads\/2026\/02\/PDF-el-sonido-del-infierno.pdf\">PDF el sonido del infierno<\/a><a href=\"https:\/\/estelacorreal.fpcei.eu\/wp-content\/uploads\/2026\/02\/PDF-el-sonido-del-infierno.pdf\" class=\"wp-block-file__button wp-element-button\" download aria-describedby=\"wp-block-file--media-155fd565-c006-48ef-92ea-2febebf0f8a0\">Descarga<\/a><\/div>\n","protected":false},"excerpt":{"rendered":"<p>Desde 2009 caminamos junto a Vendici\u00f3n Records, siendo una de las plataformas m\u00e1s s\u00f3lidas y fiables dentro de este movimiento. Mientras muchos miraban hacia otro lado, nosotros estuvimos ah\u00ed, documentando, apoyando y dando voz a un arte que nunca encaj\u00f3 en lo comercial. En este espacio encontrar\u00e1s informaci\u00f3n directa y sin filtros sobre los artistas [&hellip;]<\/p>\n","protected":false},"author":2,"featured_media":0,"parent":0,"menu_order":0,"comment_status":"closed","ping_status":"closed","template":"","meta":{"footnotes":""},"class_list":["post-29","page","type-page","status-publish","hentry"],"_links":{"self":[{"href":"https:\/\/estelacorreal.fpcei.eu\/index.php?rest_route=\/wp\/v2\/pages\/29","targetHints":{"allow":["GET"]}}],"collection":[{"href":"https:\/\/estelacorreal.fpcei.eu\/index.php?rest_route=\/wp\/v2\/pages"}],"about":[{"href":"https:\/\/estelacorreal.fpcei.eu\/index.php?rest_route=\/wp\/v2\/types\/page"}],"author":[{"embeddable":true,"href":"https:\/\/estelacorreal.fpcei.eu\/index.php?rest_route=\/wp\/v2\/users\/2"}],"replies":[{"embeddable":true,"href":"https:\/\/estelacorreal.fpcei.eu\/index.php?rest_route=%2Fwp%2Fv2%2Fcomments&post=29"}],"version-history":[{"count":5,"href":"https:\/\/estelacorreal.fpcei.eu\/index.php?rest_route=\/wp\/v2\/pages\/29\/revisions"}],"predecessor-version":[{"id":112,"href":"https:\/\/estelacorreal.fpcei.eu\/index.php?rest_route=\/wp\/v2\/pages\/29\/revisions\/112"}],"wp:attachment":[{"href":"https:\/\/estelacorreal.fpcei.eu\/index.php?rest_route=%2Fwp%2Fv2%2Fmedia&parent=29"}],"curies":[{"name":"wp","href":"https:\/\/api.w.org\/{rel}","templated":true}]}}