{"id":146,"date":"2026-03-03T10:41:46","date_gmt":"2026-03-03T10:41:46","guid":{"rendered":"https:\/\/estelacorreal.fpcei.eu\/?page_id=146"},"modified":"2026-03-03T10:55:23","modified_gmt":"2026-03-03T10:55:23","slug":"momentazos-yung-beef","status":"publish","type":"page","link":"https:\/\/estelacorreal.fpcei.eu\/?page_id=146","title":{"rendered":"MOMENTAZOS YUNG BEEF"},"content":{"rendered":"\n<p>\u201dbuah sunny day\u201d &#8211; frase ic\u00f3nica que dijo en una historia que subi\u00f3 a intagram haciendo referencia a su famosa canci\u00f3n <\/p>\n\n\n\n<div class=\"wp-block-buttons is-layout-flex wp-block-buttons-is-layout-flex\">\n<div class=\"wp-block-button\"><a class=\"wp-block-button__link wp-element-button\" href=\"https:\/\/www.youtube.com\/shorts\/S0LWtQoeZnU\">Sunny days<\/a><\/div>\n<\/div>\n\n\n\n<p>VIEOS M\u00c1S MOEMNTAZOS <\/p>\n\n\n\n<div class=\"wp-block-buttons is-layout-flex wp-block-buttons-is-layout-flex\">\n<div class=\"wp-block-button\"><a class=\"wp-block-button__link wp-element-button\" href=\"https:\/\/www.youtube.com\/watch?v=grFCR4I4gDc\">#1<\/a><\/div>\n\n\n\n<div class=\"wp-block-button\"><a class=\"wp-block-button__link wp-element-button\" href=\"https:\/\/www.youtube.com\/watch?v=EJ5PFz8y-8g&amp;t=1s\">#2<\/a><\/div>\n\n\n\n<div class=\"wp-block-button\"><a class=\"wp-block-button__link wp-element-button\" href=\"https:\/\/www.youtube.com\/watch?v=-uxrizcHHJk\">#3<\/a><\/div>\n<\/div>\n\n\n\n<p><\/p>\n","protected":false},"excerpt":{"rendered":"<p>\u201dbuah sunny day\u201d &#8211; frase ic\u00f3nica que dijo en una historia que subi\u00f3 a intagram haciendo referencia a su famosa canci\u00f3n VIEOS M\u00c1S MOEMNTAZOS<\/p>\n","protected":false},"author":2,"featured_media":0,"parent":0,"menu_order":0,"comment_status":"closed","ping_status":"closed","template":"","meta":{"footnotes":""},"class_list":["post-146","page","type-page","status-publish","hentry"],"_links":{"self":[{"href":"https:\/\/estelacorreal.fpcei.eu\/index.php?rest_route=\/wp\/v2\/pages\/146","targetHints":{"allow":["GET"]}}],"collection":[{"href":"https:\/\/estelacorreal.fpcei.eu\/index.php?rest_route=\/wp\/v2\/pages"}],"about":[{"href":"https:\/\/estelacorreal.fpcei.eu\/index.php?rest_route=\/wp\/v2\/types\/page"}],"author":[{"embeddable":true,"href":"https:\/\/estelacorreal.fpcei.eu\/index.php?rest_route=\/wp\/v2\/users\/2"}],"replies":[{"embeddable":true,"href":"https:\/\/estelacorreal.fpcei.eu\/index.php?rest_route=%2Fwp%2Fv2%2Fcomments&post=146"}],"version-history":[{"count":2,"href":"https:\/\/estelacorreal.fpcei.eu\/index.php?rest_route=\/wp\/v2\/pages\/146\/revisions"}],"predecessor-version":[{"id":157,"href":"https:\/\/estelacorreal.fpcei.eu\/index.php?rest_route=\/wp\/v2\/pages\/146\/revisions\/157"}],"wp:attachment":[{"href":"https:\/\/estelacorreal.fpcei.eu\/index.php?rest_route=%2Fwp%2Fv2%2Fmedia&parent=146"}],"curies":[{"name":"wp","href":"https:\/\/api.w.org\/{rel}","templated":true}]}}