{"id":142,"date":"2026-03-03T10:34:16","date_gmt":"2026-03-03T10:34:16","guid":{"rendered":"https:\/\/estelacorreal.fpcei.eu\/?page_id=142"},"modified":"2026-03-03T10:34:16","modified_gmt":"2026-03-03T10:34:16","slug":"momentazos-kaydy-cain","status":"publish","type":"page","link":"https:\/\/estelacorreal.fpcei.eu\/?page_id=142","title":{"rendered":"MOMENTAZOS KAYDY CA\u00cdN"},"content":{"rendered":"\n<p>\u201dbuah es que quiero comer en verdad tengo un hambre\u201d &#8211; esta frase tan ic\u00f3nica la dijo en un v\u00eddeo side daba explicacaciones por haberle pegado un guantazo a NY en los camerinos durante un bolo <\/p>\n\n\n\n<div class=\"wp-block-buttons is-layout-flex wp-block-buttons-is-layout-flex\">\n<div class=\"wp-block-button\"><a class=\"wp-block-button__link wp-element-button\" href=\"https:\/\/www.youtube.com\/watch?v=b8s9V8oHg5A&amp;t=33s\">Video espaguetis <\/a><\/div>\n<\/div>\n\n\n\n<p>\u201dy yo doy lo que tengo, ofrezco lo que tengo asique yo lo que ofrezco mi semilla.\u201d \u201cque bien te quedar\u00eda rosa Mar\u00eda eh\u201d \u201cpero te es mas bonito que una invitro conmigo\u201d &#8211; todas estas frases salen del famoso video de PXXR GVNG de los pobres piden dinero <\/p>\n\n\n\n<div class=\"wp-block-buttons is-layout-flex wp-block-buttons-is-layout-flex\">\n<div class=\"wp-block-button\"><a class=\"wp-block-button__link wp-element-button\" href=\"https:\/\/www.youtube.com\/watch?v=Vl8UIuHfbX8\">Los pobres piden dinero <\/a><\/div>\n<\/div>\n\n\n\n<p>EN LOS BOTONES TEN\u00c9IS LOS ENLACES PARA VER LOS V\u00cdDEOS COMPLETOS, ADEMAS AQU\u00cd DEBAJO TEN\u00c9IS M\u00c1S MOMENTAZOS EN V\u00cdDEOS <\/p>\n\n\n\n<div class=\"wp-block-buttons is-layout-flex wp-block-buttons-is-layout-flex\">\n<div class=\"wp-block-button\"><a class=\"wp-block-button__link wp-element-button\" href=\"https:\/\/www.youtube.com\/watch?v=HcUKqaZ5mAs&amp;t=1s\">#1<\/a><\/div>\n\n\n\n<div class=\"wp-block-button\"><a class=\"wp-block-button__link wp-element-button\" href=\"https:\/\/www.youtube.com\/watch?v=KPC9LAAQct8\">#2<\/a><\/div>\n<\/div>\n","protected":false},"excerpt":{"rendered":"<p>\u201dbuah es que quiero comer en verdad tengo un hambre\u201d &#8211; esta frase tan ic\u00f3nica la dijo en un v\u00eddeo side daba explicacaciones por haberle pegado un guantazo a NY en los camerinos durante un bolo \u201dy yo doy lo que tengo, ofrezco lo que tengo asique yo lo que ofrezco mi semilla.\u201d \u201cque bien [&hellip;]<\/p>\n","protected":false},"author":2,"featured_media":0,"parent":0,"menu_order":0,"comment_status":"closed","ping_status":"closed","template":"","meta":{"footnotes":""},"class_list":["post-142","page","type-page","status-publish","hentry"],"_links":{"self":[{"href":"https:\/\/estelacorreal.fpcei.eu\/index.php?rest_route=\/wp\/v2\/pages\/142","targetHints":{"allow":["GET"]}}],"collection":[{"href":"https:\/\/estelacorreal.fpcei.eu\/index.php?rest_route=\/wp\/v2\/pages"}],"about":[{"href":"https:\/\/estelacorreal.fpcei.eu\/index.php?rest_route=\/wp\/v2\/types\/page"}],"author":[{"embeddable":true,"href":"https:\/\/estelacorreal.fpcei.eu\/index.php?rest_route=\/wp\/v2\/users\/2"}],"replies":[{"embeddable":true,"href":"https:\/\/estelacorreal.fpcei.eu\/index.php?rest_route=%2Fwp%2Fv2%2Fcomments&post=142"}],"version-history":[{"count":1,"href":"https:\/\/estelacorreal.fpcei.eu\/index.php?rest_route=\/wp\/v2\/pages\/142\/revisions"}],"predecessor-version":[{"id":143,"href":"https:\/\/estelacorreal.fpcei.eu\/index.php?rest_route=\/wp\/v2\/pages\/142\/revisions\/143"}],"wp:attachment":[{"href":"https:\/\/estelacorreal.fpcei.eu\/index.php?rest_route=%2Fwp%2Fv2%2Fmedia&parent=142"}],"curies":[{"name":"wp","href":"https:\/\/api.w.org\/{rel}","templated":true}]}}